{"id":2471,"date":"2024-02-20T23:09:52","date_gmt":"2024-02-20T23:09:52","guid":{"rendered":"https:\/\/ndesigns.pl\/muj-ucet\/"},"modified":"2025-06-02T08:36:58","modified_gmt":"2025-06-02T08:36:58","slug":"muj-ucet","status":"publish","type":"page","link":"https:\/\/ndesigns.pl\/cs\/muj-ucet\/","title":{"rendered":"M\u016fj \u00fa\u010det"},"content":{"rendered":"<div class=\"woocommerce\"><\/div>\n","protected":false},"excerpt":{"rendered":"","protected":false},"author":1,"featured_media":0,"parent":0,"menu_order":0,"comment_status":"closed","ping_status":"closed","template":"","meta":{"footnotes":""},"_links":{"self":[{"href":"https:\/\/ndesigns.pl\/cs\/wp-json\/wp\/v2\/pages\/2471"}],"collection":[{"href":"https:\/\/ndesigns.pl\/cs\/wp-json\/wp\/v2\/pages"}],"about":[{"href":"https:\/\/ndesigns.pl\/cs\/wp-json\/wp\/v2\/types\/page"}],"author":[{"embeddable":true,"href":"https:\/\/ndesigns.pl\/cs\/wp-json\/wp\/v2\/users\/1"}],"replies":[{"embeddable":true,"href":"https:\/\/ndesigns.pl\/cs\/wp-json\/wp\/v2\/comments?post=2471"}],"version-history":[{"count":1,"href":"https:\/\/ndesigns.pl\/cs\/wp-json\/wp\/v2\/pages\/2471\/revisions"}],"predecessor-version":[{"id":2472,"href":"https:\/\/ndesigns.pl\/cs\/wp-json\/wp\/v2\/pages\/2471\/revisions\/2472"}],"wp:attachment":[{"href":"https:\/\/ndesigns.pl\/cs\/wp-json\/wp\/v2\/media?parent=2471"}],"curies":[{"name":"wp","href":"https:\/\/api.w.org\/{rel}","templated":true}]}}